{"id":1360,"date":"2022-12-13T07:30:21","date_gmt":"2022-12-13T07:30:21","guid":{"rendered":"https:\/\/www.giliticket.id\/?page_id=1352"},"modified":"2025-05-16T03:49:54","modified_gmt":"2025-05-16T03:49:54","slug":"terms-conditions","status":"publish","type":"page","link":"https:\/\/baligilifastboat.id\/fr\/termes-et-conditions\/","title":{"rendered":"termes et conditions"},"content":{"rendered":"<div data-elementor-type=\"wp-page\" data-elementor-id=\"1360\" class=\"elementor elementor-1360\" data-elementor-post-type=\"page\">\n\t\t\t\t\t\t<section class=\"elementor-section elementor-top-section elementor-element elementor-element-205de10b elementor-section-full_width elementor-section-height-min-height elementor-section-height-default elementor-section-items-middle\" data-id=\"205de10b\" data-element_type=\"section\" data-e-type=\"section\">\n\t\t\t\t\t\t<div class=\"elementor-container elementor-column-gap-default\">\n\t\t\t\t\t<div class=\"elementor-column elementor-col-100 elementor-top-column elementor-element elementor-element-44f41ffd\" data-id=\"44f41ffd\" data-element_type=\"column\" data-e-type=\"column\">\n\t\t\t<div class=\"elementor-widget-wrap elementor-element-populated\">\n\t\t\t\t\t\t<div class=\"elementor-element elementor-element-68f58f69 elementor-widget elementor-widget-text-editor\" data-id=\"68f58f69\" data-element_type=\"widget\" data-e-type=\"widget\" data-widget_type=\"text-editor.default\">\n\t\t\t\t\t\t\t\t\t<h4><span style=\"color: #000000;\">R\u00e9servation<\/span><\/h4><p><span style=\"color: #000000;\">La r\u00e9servation peut \u00eatre effectu\u00e9e par r\u00e9servation instantan\u00e9e ou par demande de renseignements en fonction de <strong>Bateau rapide Bali Gili <\/strong>disponibilit\u00e9 des services.<\/span><\/p><p><span style=\"color: #000000;\">Les prix du produit sont en IDR (Rupiah indon\u00e9sienne) et dans d&#039;autres devises, mais le r\u00e8glement final sera en IDR en utilisant les taux de change fournis par\u00a0<em>bloomberg.com.<\/em><\/span><\/p><p><span style=\"color: #000000;\">Pour chaque transaction de r\u00e9servation r\u00e9ussie, l&#039;utilisateur\/acheteur recevra un bon et un re\u00e7u de paiement par e-mail. Le bon est une preuve de transaction valide. L&#039;e-mail pourrait arriver dans votre bo\u00eete spam, veuillez v\u00e9rifier votre bo\u00eete spam. Si l&#039;e-mail arrive dans votre bo\u00eete de courrier ind\u00e9sirable, veuillez le marquer comme n&#039;\u00e9tant pas un spam pour votre b\u00e9n\u00e9fice futur. Si vous ne recevez pas le bon, veuillez nous contacter \u00e0 baligilifastboat20@gmail.com<br \/><\/span><\/p><p><span style=\"color: #000000;\">L&#039;utilisateur\/acheteur doit imprimer le bon ou l&#039;enregistrer sur son appareil (e-voucher) pour le pr\u00e9senter au personnel de Gili Ticket. En cas de refus du personnel, il doit nous contacter \u00e0 l&#039;adresse baligilifastboat20@gmail.com afin que nous puissions r\u00e9soudre le probl\u00e8me imm\u00e9diatement.<\/span><\/p><p><span style=\"color: #000000;\"><strong>S\u00e9curit\u00e9 des paiements<\/strong><\/span><\/p><p><span style=\"color: #000000;\">Tous les paiements utilisant des cartes de cr\u00e9dit (Visa et Master Card) et des cartes de d\u00e9bit sont trait\u00e9s via Payment Gateway en tant que processeur de paiement s\u00e9curis\u00e9 par International Standard Security Scanning crypt\u00e9 avec SSL 128 bits.<\/span><\/p><p><span style=\"color: #000000;\"><strong>Politique d&#039;utilisation des bons d&#039;achat<\/strong><\/span><\/p><p><span style=\"color: #000000;\">L&#039;utilisation des bons doit \u00eatre conforme \u00e0 <strong>Bateau rapide Bali Gili <\/strong>termes et conditions et termes et conditions du fournisseur r\u00e9pertori\u00e9. Les fournisseurs r\u00e9pertori\u00e9s sont les vendeurs qui fournissent les produits et\/ou services.<\/span><\/p><p><strong>Annulation<\/strong><\/p><ul><li>Annulation 14 jours avant la date de service : remboursement 100%<\/li><li>Annulation 7 jours avant la date du service\u00a0: remboursement 50%<\/li><li>Annulation \u00e0 la date du service : Non remboursable<\/li><\/ul><p><strong>Bon<\/strong><\/p><ol><li><span style=\"color: #000000;\">Le bon est valable uniquement pour la date mentionn\u00e9e ci-dessus.<\/span><\/li><li><span style=\"color: #000000;\">Gili Ticket est en droit de demander des frais suppl\u00e9mentaires pour les produits et\/ou services exclus des produits et\/ou services mentionn\u00e9s sur le bon.<\/span><\/li><li><span style=\"color: #000000;\">Le bon ne peut \u00eatre \u00e9chang\u00e9 contre d&#039;autres produits et\/ou services sans l&#039;approbation de <strong>Bateau rapide Bali Gili<\/strong>.<\/span><\/li><li><span style=\"color: #000000;\">Le bon ne peut \u00eatre ni annul\u00e9 ni rembours\u00e9.<\/span><\/li><li><span style=\"color: #000000;\">Si vous avez des questions, veuillez contacter <strong>Bateau rapide Bali Gili<\/strong> \u00a0baligilifastboat20@gmail.com<br \/>ou appeler <span class=\"elementor-icon-list-text\">+62 822 2050 0661<\/span><\/span><\/li><\/ol>\t\t\t\t\t\t\t\t<\/div>\n\t\t\t\t\t<\/div>\n\t\t<\/div>\n\t\t\t\t\t<\/div>\n\t\t<\/section>\n\t\t\t\t<\/div>","protected":false},"excerpt":{"rendered":"<p>Booking The booking can be done through instant booking or enquiry booking depending on Bali Gili Fastboat services availability. The product&#8217;s pricing are in IDR (Indonesian Rupiah) and other currencies but the final settlement will be in IDR using exchange rates provided by\u00a0bloomberg.com. For every successful booking transaction user \/ buyer will get voucher and [&hellip;]<\/p>\n","protected":false},"author":3,"featured_media":0,"parent":0,"menu_order":0,"comment_status":"closed","ping_status":"closed","template":"elementor_theme","meta":{"footnotes":""},"class_list":["post-1360","page","type-page","status-publish","hentry"],"_links":{"self":[{"href":"https:\/\/baligilifastboat.id\/fr\/wp-json\/wp\/v2\/pages\/1360","targetHints":{"allow":["GET"]}}],"collection":[{"href":"https:\/\/baligilifastboat.id\/fr\/wp-json\/wp\/v2\/pages"}],"about":[{"href":"https:\/\/baligilifastboat.id\/fr\/wp-json\/wp\/v2\/types\/page"}],"author":[{"embeddable":true,"href":"https:\/\/baligilifastboat.id\/fr\/wp-json\/wp\/v2\/users\/3"}],"replies":[{"embeddable":true,"href":"https:\/\/baligilifastboat.id\/fr\/wp-json\/wp\/v2\/comments?post=1360"}],"version-history":[{"count":9,"href":"https:\/\/baligilifastboat.id\/fr\/wp-json\/wp\/v2\/pages\/1360\/revisions"}],"predecessor-version":[{"id":8759,"href":"https:\/\/baligilifastboat.id\/fr\/wp-json\/wp\/v2\/pages\/1360\/revisions\/8759"}],"wp:attachment":[{"href":"https:\/\/baligilifastboat.id\/fr\/wp-json\/wp\/v2\/media?parent=1360"}],"curies":[{"name":"wp","href":"https:\/\/api.w.org\/{rel}","templated":true}]}}